{"id":61,"date":"2023-02-10T12:49:12","date_gmt":"2023-02-10T12:49:12","guid":{"rendered":"https:\/\/flavor.wordifysites.com\/?page_id=61"},"modified":"2025-09-08T08:05:16","modified_gmt":"2025-09-08T08:05:16","slug":"menu","status":"publish","type":"page","link":"https:\/\/hosteac.com\/index.php\/menu\/","title":{"rendered":"Menu"},"content":{"rendered":"\n<section class=\"gb-element-96cb7987\">\n<div><div class=\"gb-looper-cbc9e471\">\n<article class=\"gb-loop-item gb-loop-item-aa4a843d post-912 product type-product status-publish has-post-thumbnail product_cat-desserts sales-flash-overlay woocommerce-text-align-center woocommerce-image-align-center do-quantity-buttons first instock shipping-taxable purchasable product-type-simple\">\n<div class=\"gb-element-da1554ea\">\n<a href=\"https:\/\/hosteac.com\/index.php\/product\/creme-brulee\/\"><img loading=\"lazy\" decoding=\"async\" width=\"150\" height=\"150\" alt=\"\" data-media-id=\"910\" class=\"gb-media-c3e646ac\" src=\"https:\/\/hosteac.com\/wp-content\/uploads\/2023\/05\/j-luis-esquivel-PerJ_q-EuKw-unsplash-150x150.jpg\" srcset=\"https:\/\/hosteac.com\/wp-content\/uploads\/2023\/05\/j-luis-esquivel-PerJ_q-EuKw-unsplash-150x150.jpg 150w, https:\/\/hosteac.com\/wp-content\/uploads\/2023\/05\/j-luis-esquivel-PerJ_q-EuKw-unsplash-100x100.jpg 100w\" sizes=\"auto, (max-width: 150px) 100vw, 150px\" \/><\/a>\n\n\n\n<p class=\"gb-text gb-text-8a40e3fe\"><a href=\"https:\/\/hosteac.com\/index.php\/product-category\/desserts\/\" rel=\"tag\">Desserts<\/a><\/p>\n<\/div>\n\n\n\n<div class=\"gb-element-a5bd47a7\">\n<div class=\"gb-element-5e93ef00\">\n<h2 class=\"gb-text gb-text-d1e5a2d8\"><a href=\"https:\/\/hosteac.com\/index.php\/product\/creme-brulee\/\">Cr\u00e8me Br\u00fbl\u00e9e<\/a><\/h2>\n\n\n\n<div class=\"gb-element-4d103cca dashed-border\"><\/div>\n\n\n\n<div class=\"gb-element-cddcaf51\">\n<p class=\"gb-text gb-text-81ba4ef3\">$<\/p>\n\n\n<\/div>\n<\/div>\n\n\n\n<p class=\"gb-text gb-text-32fbb671\">Cr\u00e8me Br\u00fbl\u00e9e is an elegant and velvety dessert that epitomizes indulgence and sophistication. This classic French dessert consists of a smooth and creamy custard base, typically flavored with vanilla, which is delicately set and then topped with a thin layer of caramelized sugar. The contrast &#8230; <a title=\"Cr\u00e8me Br\u00fbl\u00e9e\" class=\"read-more\" href=\"https:\/\/hosteac.com\/index.php\/product\/creme-brulee\/\" aria-label=\"Read more about Cr\u00e8me Br\u00fbl\u00e9e\">Read more<\/a><\/p>\n<\/div>\n<\/article>\n\n<article class=\"gb-loop-item gb-loop-item-aa4a843d post-905 product type-product status-publish has-post-thumbnail product_cat-desserts sales-flash-overlay woocommerce-text-align-center woocommerce-image-align-center do-quantity-buttons  instock shipping-taxable purchasable product-type-simple\">\n<div class=\"gb-element-da1554ea\">\n<a href=\"https:\/\/hosteac.com\/index.php\/product\/apple-pie\/\"><img loading=\"lazy\" decoding=\"async\" width=\"150\" height=\"150\" alt=\"\" data-media-id=\"907\" class=\"gb-media-c3e646ac\" src=\"https:\/\/hosteac.com\/wp-content\/uploads\/2023\/05\/diliara-garifullina-Lkb1g9ivC2c-unsplash-150x150.jpg\" srcset=\"https:\/\/hosteac.com\/wp-content\/uploads\/2023\/05\/diliara-garifullina-Lkb1g9ivC2c-unsplash-150x150.jpg 150w, https:\/\/hosteac.com\/wp-content\/uploads\/2023\/05\/diliara-garifullina-Lkb1g9ivC2c-unsplash-300x300.jpg 300w, https:\/\/hosteac.com\/wp-content\/uploads\/2023\/05\/diliara-garifullina-Lkb1g9ivC2c-unsplash-100x100.jpg 100w\" sizes=\"auto, (max-width: 150px) 100vw, 150px\" \/><\/a>\n\n\n\n<p class=\"gb-text gb-text-8a40e3fe\"><a href=\"https:\/\/hosteac.com\/index.php\/product-category\/desserts\/\" rel=\"tag\">Desserts<\/a><\/p>\n<\/div>\n\n\n\n<div class=\"gb-element-a5bd47a7\">\n<div class=\"gb-element-5e93ef00\">\n<h2 class=\"gb-text gb-text-d1e5a2d8\"><a href=\"https:\/\/hosteac.com\/index.php\/product\/apple-pie\/\">Apple Pie<\/a><\/h2>\n\n\n\n<div class=\"gb-element-4d103cca dashed-border\"><\/div>\n\n\n\n<div class=\"gb-element-cddcaf51\">\n<p class=\"gb-text gb-text-81ba4ef3\">$<\/p>\n\n\n<\/div>\n<\/div>\n\n\n\n<p class=\"gb-text gb-text-32fbb671\">Apple Pie is a timeless and comforting dessert that evokes a sense of nostalgia and homey warmth. With its flaky and buttery pastry crust enveloping a generous filling of tender and spiced apples, this classic treat is a true delight for the senses. The apples &#8230; <a title=\"Apple Pie\" class=\"read-more\" href=\"https:\/\/hosteac.com\/index.php\/product\/apple-pie\/\" aria-label=\"Read more about Apple Pie\">Read more<\/a><\/p>\n<\/div>\n<\/article>\n\n<article class=\"gb-loop-item gb-loop-item-aa4a843d post-901 product type-product status-publish has-post-thumbnail product_cat-desserts sales-flash-overlay woocommerce-text-align-center woocommerce-image-align-center do-quantity-buttons last instock shipping-taxable purchasable product-type-simple\">\n<div class=\"gb-element-da1554ea\">\n<a href=\"https:\/\/hosteac.com\/index.php\/product\/chocolate-lava-cake\/\"><img loading=\"lazy\" decoding=\"async\" width=\"150\" height=\"150\" alt=\"\" data-media-id=\"903\" class=\"gb-media-c3e646ac\" src=\"https:\/\/hosteac.com\/wp-content\/uploads\/2023\/05\/pexels-jasmine-lew-140831-150x150.jpg\" srcset=\"https:\/\/hosteac.com\/wp-content\/uploads\/2023\/05\/pexels-jasmine-lew-140831-150x150.jpg 150w, https:\/\/hosteac.com\/wp-content\/uploads\/2023\/05\/pexels-jasmine-lew-140831-100x100.jpg 100w\" sizes=\"auto, (max-width: 150px) 100vw, 150px\" \/><\/a>\n\n\n\n<p class=\"gb-text gb-text-8a40e3fe\"><a href=\"https:\/\/hosteac.com\/index.php\/product-category\/desserts\/\" rel=\"tag\">Desserts<\/a><\/p>\n<\/div>\n\n\n\n<div class=\"gb-element-a5bd47a7\">\n<div class=\"gb-element-5e93ef00\">\n<h2 class=\"gb-text gb-text-d1e5a2d8\"><a href=\"https:\/\/hosteac.com\/index.php\/product\/chocolate-lava-cake\/\">Chocolate Lava Cake<\/a><\/h2>\n\n\n\n<div class=\"gb-element-4d103cca dashed-border\"><\/div>\n\n\n\n<div class=\"gb-element-cddcaf51\">\n<p class=\"gb-text gb-text-81ba4ef3\">$<\/p>\n\n\n<\/div>\n<\/div>\n\n\n\n<p class=\"gb-text gb-text-32fbb671\">Chocolate Lava Cake is a decadent dessert that tantalizes the taste buds with its indulgent and irresistible qualities. This velvety dessert is a chocolate lover&#8217;s dream come true. As you gently break through the delicate exterior of the cake, a warm and gooey molten center &#8230; <a title=\"Chocolate Lava Cake\" class=\"read-more\" href=\"https:\/\/hosteac.com\/index.php\/product\/chocolate-lava-cake\/\" aria-label=\"Read more about Chocolate Lava Cake\">Read more<\/a><\/p>\n<\/div>\n<\/article>\n\n<article class=\"gb-loop-item gb-loop-item-aa4a843d post-897 product type-product status-publish has-post-thumbnail product_cat-main-dishes sales-flash-overlay woocommerce-text-align-center woocommerce-image-align-center do-quantity-buttons first instock shipping-taxable purchasable product-type-simple\">\n<div class=\"gb-element-da1554ea\">\n<a href=\"https:\/\/hosteac.com\/index.php\/product\/chicken-parmesan\/\"><img loading=\"lazy\" decoding=\"async\" width=\"150\" height=\"150\" alt=\"\" data-media-id=\"895\" class=\"gb-media-c3e646ac\" src=\"https:\/\/hosteac.com\/wp-content\/uploads\/2023\/05\/clark-douglas-HhEfe0DeMiA-unsplash-150x150.jpg\" srcset=\"https:\/\/hosteac.com\/wp-content\/uploads\/2023\/05\/clark-douglas-HhEfe0DeMiA-unsplash-150x150.jpg 150w, https:\/\/hosteac.com\/wp-content\/uploads\/2023\/05\/clark-douglas-HhEfe0DeMiA-unsplash-300x300.jpg 300w, https:\/\/hosteac.com\/wp-content\/uploads\/2023\/05\/clark-douglas-HhEfe0DeMiA-unsplash-100x100.jpg 100w\" sizes=\"auto, (max-width: 150px) 100vw, 150px\" \/><\/a>\n\n\n\n<p class=\"gb-text gb-text-8a40e3fe\"><a href=\"https:\/\/hosteac.com\/index.php\/product-category\/main-dishes\/\" rel=\"tag\">Main dishes<\/a><\/p>\n<\/div>\n\n\n\n<div class=\"gb-element-a5bd47a7\">\n<div class=\"gb-element-5e93ef00\">\n<h2 class=\"gb-text gb-text-d1e5a2d8\"><a href=\"https:\/\/hosteac.com\/index.php\/product\/chicken-parmesan\/\">Chicken Parmesan<\/a><\/h2>\n\n\n\n<div class=\"gb-element-4d103cca dashed-border\"><\/div>\n\n\n\n<div class=\"gb-element-cddcaf51\">\n<p class=\"gb-text gb-text-81ba4ef3\">$<\/p>\n\n\n<\/div>\n<\/div>\n\n\n\n<p class=\"gb-text gb-text-32fbb671\">Chicken Parmesan is a mouthwatering Italian-inspired dish that combines tender chicken cutlets with a delectable blend of flavors. The chicken breasts are breaded with a seasoned breadcrumb mixture and then fried to a golden crispness, creating a satisfying crunch. Topped generously with a tangy tomato &#8230; <a title=\"Chicken Parmesan\" class=\"read-more\" href=\"https:\/\/hosteac.com\/index.php\/product\/chicken-parmesan\/\" aria-label=\"Read more about Chicken Parmesan\">Read more<\/a><\/p>\n<\/div>\n<\/article>\n\n<article class=\"gb-loop-item gb-loop-item-aa4a843d post-890 product type-product status-publish has-post-thumbnail product_cat-main-dishes sales-flash-overlay woocommerce-text-align-center woocommerce-image-align-center do-quantity-buttons  instock shipping-taxable purchasable product-type-simple\">\n<div class=\"gb-element-da1554ea\">\n<a href=\"https:\/\/hosteac.com\/index.php\/product\/grilled-salmon\/\"><img loading=\"lazy\" decoding=\"async\" width=\"150\" height=\"150\" alt=\"\" data-media-id=\"892\" class=\"gb-media-c3e646ac\" src=\"https:\/\/hosteac.com\/wp-content\/uploads\/2023\/05\/ca-creative-bpPTlXWTOvg-unsplash-150x150.jpg\" srcset=\"https:\/\/hosteac.com\/wp-content\/uploads\/2023\/05\/ca-creative-bpPTlXWTOvg-unsplash-150x150.jpg 150w, https:\/\/hosteac.com\/wp-content\/uploads\/2023\/05\/ca-creative-bpPTlXWTOvg-unsplash-300x300.jpg 300w, https:\/\/hosteac.com\/wp-content\/uploads\/2023\/05\/ca-creative-bpPTlXWTOvg-unsplash-100x100.jpg 100w\" sizes=\"auto, (max-width: 150px) 100vw, 150px\" \/><\/a>\n\n\n\n<p class=\"gb-text gb-text-8a40e3fe\"><a href=\"https:\/\/hosteac.com\/index.php\/product-category\/main-dishes\/\" rel=\"tag\">Main dishes<\/a><\/p>\n<\/div>\n\n\n\n<div class=\"gb-element-a5bd47a7\">\n<div class=\"gb-element-5e93ef00\">\n<h2 class=\"gb-text gb-text-d1e5a2d8\"><a href=\"https:\/\/hosteac.com\/index.php\/product\/grilled-salmon\/\">Grilled Salmon<\/a><\/h2>\n\n\n\n<div class=\"gb-element-4d103cca dashed-border\"><\/div>\n\n\n\n<div class=\"gb-element-cddcaf51\">\n<p class=\"gb-text gb-text-81ba4ef3\">$<\/p>\n\n\n<\/div>\n<\/div>\n\n\n\n<p class=\"gb-text gb-text-32fbb671\">Grilled Salmon is a delectable seafood dish that showcases the natural flavors and succulent texture of fresh salmon. This versatile and nutritious fish is marinated or seasoned with a delicate blend of herbs, spices, and citrus to enhance its taste. The salmon fillets are then &#8230; <a title=\"Grilled Salmon\" class=\"read-more\" href=\"https:\/\/hosteac.com\/index.php\/product\/grilled-salmon\/\" aria-label=\"Read more about Grilled Salmon\">Read more<\/a><\/p>\n<\/div>\n<\/article>\n\n<article class=\"gb-loop-item gb-loop-item-aa4a843d post-874 product type-product status-publish has-post-thumbnail product_cat-main-dishes sales-flash-overlay woocommerce-text-align-center woocommerce-image-align-center do-quantity-buttons last instock shipping-taxable purchasable product-type-simple\">\n<div class=\"gb-element-da1554ea\">\n<a href=\"https:\/\/hosteac.com\/index.php\/product\/spaghetti-bolognese\/\"><img loading=\"lazy\" decoding=\"async\" width=\"150\" height=\"150\" alt=\"\" data-media-id=\"878\" class=\"gb-media-c3e646ac\" src=\"https:\/\/hosteac.com\/wp-content\/uploads\/2023\/05\/homescreenify-sA3wymYqyaI-unsplash-150x150.jpg\" srcset=\"https:\/\/hosteac.com\/wp-content\/uploads\/2023\/05\/homescreenify-sA3wymYqyaI-unsplash-150x150.jpg 150w, https:\/\/hosteac.com\/wp-content\/uploads\/2023\/05\/homescreenify-sA3wymYqyaI-unsplash-300x300.jpg 300w, https:\/\/hosteac.com\/wp-content\/uploads\/2023\/05\/homescreenify-sA3wymYqyaI-unsplash-100x100.jpg 100w\" sizes=\"auto, (max-width: 150px) 100vw, 150px\" \/><\/a>\n\n\n\n<p class=\"gb-text gb-text-8a40e3fe\"><a href=\"https:\/\/hosteac.com\/index.php\/product-category\/main-dishes\/\" rel=\"tag\">Main dishes<\/a><\/p>\n<\/div>\n\n\n\n<div class=\"gb-element-a5bd47a7\">\n<div class=\"gb-element-5e93ef00\">\n<h2 class=\"gb-text gb-text-d1e5a2d8\"><a href=\"https:\/\/hosteac.com\/index.php\/product\/spaghetti-bolognese\/\">Spaghetti Bolognese<\/a><\/h2>\n\n\n\n<div class=\"gb-element-4d103cca dashed-border\"><\/div>\n\n\n\n<div class=\"gb-element-cddcaf51\">\n<p class=\"gb-text gb-text-81ba4ef3\">$<\/p>\n\n\n<\/div>\n<\/div>\n\n\n\n<p class=\"gb-text gb-text-32fbb671\">Spaghetti Bolognese is a beloved Italian pasta dish that is both hearty and comforting. It features al dente spaghetti noodles coated in a rich and savory meat sauce. The sauce is made by slowly simmering ground beef or a combination of beef and pork with &#8230; <a title=\"Spaghetti Bolognese\" class=\"read-more\" href=\"https:\/\/hosteac.com\/index.php\/product\/spaghetti-bolognese\/\" aria-label=\"Read more about Spaghetti Bolognese\">Read more<\/a><\/p>\n<\/div>\n<\/article>\n\n<article class=\"gb-loop-item gb-loop-item-aa4a843d post-870 product type-product status-publish has-post-thumbnail product_cat-appetizers sales-flash-overlay woocommerce-text-align-center woocommerce-image-align-center do-quantity-buttons first instock shipping-taxable purchasable product-type-simple\">\n<div class=\"gb-element-da1554ea\">\n<a href=\"https:\/\/hosteac.com\/index.php\/product\/caprese-salad\/\"><img loading=\"lazy\" decoding=\"async\" width=\"150\" height=\"150\" alt=\"\" data-media-id=\"880\" class=\"gb-media-c3e646ac\" src=\"https:\/\/hosteac.com\/wp-content\/uploads\/2023\/05\/grooveland-designs-fhuPrCwAzaw-unsplash-150x150.jpg\" srcset=\"https:\/\/hosteac.com\/wp-content\/uploads\/2023\/05\/grooveland-designs-fhuPrCwAzaw-unsplash-150x150.jpg 150w, https:\/\/hosteac.com\/wp-content\/uploads\/2023\/05\/grooveland-designs-fhuPrCwAzaw-unsplash-300x300.jpg 300w, https:\/\/hosteac.com\/wp-content\/uploads\/2023\/05\/grooveland-designs-fhuPrCwAzaw-unsplash-100x100.jpg 100w\" sizes=\"auto, (max-width: 150px) 100vw, 150px\" \/><\/a>\n\n\n\n<p class=\"gb-text gb-text-8a40e3fe\"><a href=\"https:\/\/hosteac.com\/index.php\/product-category\/appetizers\/\" rel=\"tag\">Appetizers<\/a><\/p>\n<\/div>\n\n\n\n<div class=\"gb-element-a5bd47a7\">\n<div class=\"gb-element-5e93ef00\">\n<h2 class=\"gb-text gb-text-d1e5a2d8\"><a href=\"https:\/\/hosteac.com\/index.php\/product\/caprese-salad\/\">Caprese Salad<\/a><\/h2>\n\n\n\n<div class=\"gb-element-4d103cca dashed-border\"><\/div>\n\n\n\n<div class=\"gb-element-cddcaf51\">\n<p class=\"gb-text gb-text-81ba4ef3\">$<\/p>\n\n\n<\/div>\n<\/div>\n\n\n\n<p class=\"gb-text gb-text-32fbb671\">Caprese Salad is a classic Italian dish that captures the essence of simplicity and freshness. This vibrant salad features alternating slices of ripe tomatoes and creamy mozzarella cheese. Interspersed among the layers are delicate basil leaves, adding an aromatic and herbaceous touch. A drizzle of &#8230; <a title=\"Caprese Salad\" class=\"read-more\" href=\"https:\/\/hosteac.com\/index.php\/product\/caprese-salad\/\" aria-label=\"Read more about Caprese Salad\">Read more<\/a><\/p>\n<\/div>\n<\/article>\n\n<article class=\"gb-loop-item gb-loop-item-aa4a843d post-862 product type-product status-publish has-post-thumbnail product_cat-appetizers sales-flash-overlay woocommerce-text-align-center woocommerce-image-align-center do-quantity-buttons  instock shipping-taxable purchasable product-type-simple\">\n<div class=\"gb-element-da1554ea\">\n<a href=\"https:\/\/hosteac.com\/index.php\/product\/bruschetta\/\"><img loading=\"lazy\" decoding=\"async\" width=\"150\" height=\"150\" alt=\"\" data-media-id=\"888\" class=\"gb-media-c3e646ac\" src=\"https:\/\/hosteac.com\/wp-content\/uploads\/2023\/05\/konstantinas-ladauskas-86vIY4SPr6A-unsplash-1-150x150.jpg\" srcset=\"https:\/\/hosteac.com\/wp-content\/uploads\/2023\/05\/konstantinas-ladauskas-86vIY4SPr6A-unsplash-1-150x150.jpg 150w, https:\/\/hosteac.com\/wp-content\/uploads\/2023\/05\/konstantinas-ladauskas-86vIY4SPr6A-unsplash-1-300x300.jpg 300w, https:\/\/hosteac.com\/wp-content\/uploads\/2023\/05\/konstantinas-ladauskas-86vIY4SPr6A-unsplash-1-100x100.jpg 100w\" sizes=\"auto, (max-width: 150px) 100vw, 150px\" \/><\/a>\n\n\n\n<p class=\"gb-text gb-text-8a40e3fe\"><a href=\"https:\/\/hosteac.com\/index.php\/product-category\/appetizers\/\" rel=\"tag\">Appetizers<\/a><\/p>\n<\/div>\n\n\n\n<div class=\"gb-element-a5bd47a7\">\n<div class=\"gb-element-5e93ef00\">\n<h2 class=\"gb-text gb-text-d1e5a2d8\"><a href=\"https:\/\/hosteac.com\/index.php\/product\/bruschetta\/\">Bruschetta<\/a><\/h2>\n\n\n\n<div class=\"gb-element-4d103cca dashed-border\"><\/div>\n\n\n\n<div class=\"gb-element-cddcaf51\">\n<p class=\"gb-text gb-text-81ba4ef3\">$<\/p>\n\n\n<\/div>\n<\/div>\n\n\n\n<p class=\"gb-text gb-text-32fbb671\">Bruschetta is a delectable Italian appetizer that showcases the harmonious marriage of simple, high-quality ingredients. It begins with slices of crusty bread, toasted to golden perfection, providing a delightful crunch. On top of this canvas, a vibrant and refreshing medley awaits. Diced tomatoes, bursting with &#8230; <a title=\"Bruschetta\" class=\"read-more\" href=\"https:\/\/hosteac.com\/index.php\/product\/bruschetta\/\" aria-label=\"Read more about Bruschetta\">Read more<\/a><\/p>\n<\/div>\n<\/article>\n\n<article class=\"gb-loop-item gb-loop-item-aa4a843d post-414 product type-product status-publish has-post-thumbnail product_cat-appetizers sales-flash-overlay woocommerce-text-align-center woocommerce-image-align-center do-quantity-buttons last instock shipping-taxable purchasable product-type-simple\">\n<div class=\"gb-element-da1554ea\">\n<a href=\"https:\/\/hosteac.com\/index.php\/product\/bacon-wrapped-dates-stuffed-with-goat-cheese\/\"><img loading=\"lazy\" decoding=\"async\" width=\"150\" height=\"150\" alt=\"\" data-media-id=\"421\" class=\"gb-media-c3e646ac\" src=\"https:\/\/hosteac.com\/wp-content\/uploads\/2023\/02\/Bacon-wrapped-Dates-stuffed-with-Goat-Cheese-150x150.jpg\" srcset=\"https:\/\/hosteac.com\/wp-content\/uploads\/2023\/02\/Bacon-wrapped-Dates-stuffed-with-Goat-Cheese-150x150.jpg 150w, https:\/\/hosteac.com\/wp-content\/uploads\/2023\/02\/Bacon-wrapped-Dates-stuffed-with-Goat-Cheese-300x300.jpg 300w, https:\/\/hosteac.com\/wp-content\/uploads\/2023\/02\/Bacon-wrapped-Dates-stuffed-with-Goat-Cheese-100x100.jpg 100w\" sizes=\"auto, (max-width: 150px) 100vw, 150px\" \/><\/a>\n\n\n\n<p class=\"gb-text gb-text-8a40e3fe\"><a href=\"https:\/\/hosteac.com\/index.php\/product-category\/appetizers\/\" rel=\"tag\">Appetizers<\/a><\/p>\n<\/div>\n\n\n\n<div class=\"gb-element-a5bd47a7\">\n<div class=\"gb-element-5e93ef00\">\n<h2 class=\"gb-text gb-text-d1e5a2d8\"><a href=\"https:\/\/hosteac.com\/index.php\/product\/bacon-wrapped-dates-stuffed-with-goat-cheese\/\">Bacon-wrapped Dates stuffed with Goat Cheese<\/a><\/h2>\n\n\n\n<div class=\"gb-element-4d103cca dashed-border\"><\/div>\n\n\n\n<div class=\"gb-element-cddcaf51\">\n<p class=\"gb-text gb-text-81ba4ef3\">$<\/p>\n\n\n<\/div>\n<\/div>\n\n\n\n<p class=\"gb-text gb-text-32fbb671\">Bacon-wrapped Dates stuffed with Goat Cheese is a delightful appetizer that combines sweet, savory, and creamy flavors into one bite-sized treat. This dish features plump dates that are stuffed with creamy goat cheese and then wrapped in smoky, crispy bacon. The natural sweetness of the &#8230; <a title=\"Bacon-wrapped Dates stuffed with Goat Cheese\" class=\"read-more\" href=\"https:\/\/hosteac.com\/index.php\/product\/bacon-wrapped-dates-stuffed-with-goat-cheese\/\" aria-label=\"Read more about Bacon-wrapped Dates stuffed with Goat Cheese\">Read more<\/a><\/p>\n<\/div>\n<\/article>\n<\/div><\/div>\n\n\n\n<a class=\"gb-text gb-text-45bdb04f\" href=\"#\">Order online<\/a>\n<\/section>\n\n\n\n<section class=\"gb-element-7722acb0\">\n<div class=\"gb-element-cca39ffe\">\n<div class=\"gb-element-0d9acef6\">\n<img decoding=\"async\" class=\"gb-media-16b054fc\" src=\"https:\/\/sites.generatepress.com\/flavor\/wp-content\/uploads\/sites\/130\/2023\/05\/daniel-korpai-aUmq85-2V7I-unsplash-546x682.jpg\" title=\"daniel-korpai-aUmq85-2V7I-unsplash\"\/>\n<\/div>\n\n\n\n<div class=\"gb-element-2de1d07d\">\n<h2 class=\"gb-text-f7c0e038\"><span class=\"gb-shape\"><svg aria-hidden=\"true\" role=\"img\" height=\"1em\" width=\"1em\" viewBox=\"0 0 512 512\" xmlns=\"http:\/\/www.w3.org\/2000\/svg\"><path fill=\"currentColor\" d=\"M478.21 334.093L336 256l142.21-78.093c11.795-6.477 15.961-21.384 9.232-33.037l-19.48-33.741c-6.728-11.653-21.72-15.499-33.227-8.523L296 186.718l3.475-162.204C299.763 11.061 288.937 0 275.48 0h-38.96c-13.456 0-24.283 11.061-23.994 24.514L216 186.718 77.265 102.607c-11.506-6.976-26.499-3.13-33.227 8.523l-19.48 33.741c-6.728 11.653-2.562 26.56 9.233 33.037L176 256 33.79 334.093c-11.795 6.477-15.961 21.384-9.232 33.037l19.48 33.741c6.728 11.653 21.721 15.499 33.227 8.523L216 325.282l-3.475 162.204C212.237 500.939 223.064 512 236.52 512h38.961c13.456 0 24.283-11.061 23.995-24.514L296 325.282l138.735 84.111c11.506 6.976 26.499 3.13 33.227-8.523l19.48-33.741c6.728-11.653 2.563-26.559-9.232-33.036z\"><\/path><\/svg><\/span><span class=\"gb-text\">Mobile app<\/span><\/h2>\n\n\n\n<h3 class=\"gb-text gb-text-ea515221\">Get our products delivered right to your doorstep!<\/h3>\n\n\n\n<p class=\"gb-text\">Maecenas id consectetur ex. Morbi pretium odio at nisl tempor vestibulum. Ut imperdiet tellus ac purus scelerisque hendrerit. Donec interdum nisi sed ipsum tristique, ut ultrices ante sodales.<\/p>\n\n\n\n<div class=\"gb-element-7bd876c3\">\n<div>\n<p class=\"gb-text gb-text-c3e90d67\">12<\/p>\n\n\n\n<p class=\"gb-text gb-text-bf9a68b6\">Shops<\/p>\n<\/div>\n\n\n\n<div>\n<p class=\"gb-text gb-text-bc53cfdc\">210<\/p>\n\n\n\n<p class=\"gb-text gb-text-91cdbb1c\">Cooks<\/p>\n<\/div>\n\n\n\n<div>\n<p class=\"gb-text gb-text-4b31d506\">320<\/p>\n\n\n\n<p class=\"gb-text gb-text-9b60d14b\">Dishes<\/p>\n<\/div>\n<\/div>\n\n\n<div class=\"gb-container gb-container-87ce9e0e\">\n\n<a class=\"gb-text-638a71ad\" href=\"#\"><span class=\"gb-shape\"><svg viewBox=\"-1.5 0 20 20\" xmlns=\"http:\/\/www.w3.org\/2000\/svg\"><path d=\"M11.57 3.193c.73-.845 1.221-2.022 1.087-3.193-1.05.04-2.322.671-3.075 1.515-.677.749-1.267 1.946-1.108 3.094 1.172.087 2.368-.57 3.097-1.416m2.628 7.432c.03 3.027 2.77 4.034 2.801 4.047-.022.07-.438 1.435-1.444 2.845-.87 1.218-1.774 2.43-3.196 2.457-1.398.025-1.848-.794-3.447-.794-1.597 0-2.097.768-3.42.819-1.373.049-2.42-1.318-3.296-2.532C.403 14.984-.967 10.45.873 7.39c.915-1.52 2.548-2.482 4.321-2.506 1.348-.025 2.621.869 3.445.869.825 0 2.372-1.075 3.998-.917.68.027 2.591.263 3.818 1.984-.1.059-2.28 1.275-2.256 3.805\" fill=\"currentColor\" fill-rule=\"evenodd\"><\/path><\/svg><\/span><span class=\"gb-text\">Apple store<\/span><\/a>\n\n\n\n<a class=\"gb-text-37bec5a7\" href=\"#\"><span class=\"gb-shape\"><svg viewBox=\"0 0 256 256\" xmlns=\"http:\/\/www.w3.org\/2000\/svg\"><path d=\"M223.635 114.182 55.852 18.142a15.99 15.99 0 0 0-16.123.046 15.663 15.663 0 0 0-7.915 13.668v192.288a15.663 15.663 0 0 0 7.915 13.668 15.989 15.989 0 0 0 16.123.046l167.783-96.04a15.762 15.762 0 0 0 0-27.636ZM144 139.313l18.856 18.857-88.19 50.477ZM74.655 47.341l88.202 50.488L144 116.687Zm102.592 102.593L155.313 128l21.935-21.934L215.568 128Z\"><\/path><\/svg><\/span><span class=\"gb-text\">Google play<\/span><\/a>\n\n<\/div><\/div>\n<\/div>\n<\/section>\n\n\n\n<section class=\"gb-element-71d6bc5c\">\n<div class=\"gb-element-038b38a8\">\n<div class=\"gb-element-02cb7e1d\">\n<h2 class=\"gb-text gb-text-2ec549f3\">Online reservation<\/h2>\n\n\n\n<p class=\"gb-text gb-text-b32bdf0d\">Please email us at <a href=\"mailto:hello@flavor.com\">hello@flavor.com<\/a> or fill out the order form<\/p>\n\n\n\n<p class=\"gb-text gb-text-59058d1c\">[Insert your signup form here]<\/p>\n\n\n\n<a class=\"gb-text gb-text-9a31ab8c\" href=\"#\">Book a table<\/a>\n<\/div>\n\n\n\n<div class=\"gb-element-f4f794d9\">\n<p class=\"gb-text gb-text-ee2a619a\">Monthly deal<\/p>\n\n\n\n<h3 class=\"gb-text gb-text-b782e7d5\">Greek cuisine special<\/h3>\n\n\n\n<div class=\"gb-element-a1057a37\">\n<p class=\"gb-text gb-text-76e3099a\">30%<\/p>\n\n\n\n<p class=\"gb-text gb-text-2c7d8531\">Discount<\/p>\n<\/div>\n\n\n\n<p class=\"gb-text-8ada9981\"><span class=\"gb-shape\"><svg aria-hidden=\"true\" role=\"img\" height=\"1em\" width=\"1em\" viewBox=\"0 0 512 512\" xmlns=\"http:\/\/www.w3.org\/2000\/svg\"><path fill=\"currentColor\" d=\"M256 56c110.532 0 200 89.451 200 200 0 110.532-89.451 200-200 200-110.532 0-200-89.451-200-200 0-110.532 89.451-200 200-200m0-48C119.033 8 8 119.033 8 256s111.033 248 248 248 248-111.033 248-248S392.967 8 256 8zm0 168c-44.183 0-80 35.817-80 80s35.817 80 80 80 80-35.817 80-80-35.817-80-80-80z\"><\/path><\/svg><\/span><span class=\"gb-text\">Not valid for online orders<\/span><\/p>\n\n\n\n<p class=\"gb-text-46874383\"><span class=\"gb-shape\"><svg aria-hidden=\"true\" role=\"img\" height=\"1em\" width=\"1em\" viewBox=\"0 0 512 512\" xmlns=\"http:\/\/www.w3.org\/2000\/svg\"><path fill=\"currentColor\" d=\"M256 56c110.532 0 200 89.451 200 200 0 110.532-89.451 200-200 200-110.532 0-200-89.451-200-200 0-110.532 89.451-200 200-200m0-48C119.033 8 8 119.033 8 256s111.033 248 248 248 248-111.033 248-248S392.967 8 256 8zm0 168c-44.183 0-80 35.817-80 80s35.817 80 80 80 80-35.817 80-80-35.817-80-80-80z\"><\/path><\/svg><\/span><span class=\"gb-text\">Non-refundable<\/span><\/p>\n\n\n\n<p class=\"gb-text-983a939f\"><span class=\"gb-shape\"><svg aria-hidden=\"true\" role=\"img\" height=\"1em\" width=\"1em\" viewBox=\"0 0 512 512\" xmlns=\"http:\/\/www.w3.org\/2000\/svg\"><path fill=\"currentColor\" d=\"M256 56c110.532 0 200 89.451 200 200 0 110.532-89.451 200-200 200-110.532 0-200-89.451-200-200 0-110.532 89.451-200 200-200m0-48C119.033 8 8 119.033 8 256s111.033 248 248 248 248-111.033 248-248S392.967 8 256 8zm0 168c-44.183 0-80 35.817-80 80s35.817 80 80 80 80-35.817 80-80-35.817-80-80-80z\"><\/path><\/svg><\/span><span class=\"gb-text\">Offers ends 15 June<\/span><\/p>\n\n\n\n<a class=\"gb-text gb-text-6ed4fe72\" href=\"#\">Book now<\/a>\n<\/div>\n<\/div>\n<\/section>\n","protected":false},"excerpt":{"rendered":"<p>Order online Mobile app Get our products delivered right to your doorstep! Maecenas id consectetur ex. Morbi pretium odio at nisl tempor vestibulum. Ut imperdiet &#8230; <a title=\"Menu\" class=\"read-more\" href=\"https:\/\/hosteac.com\/index.php\/menu\/\" aria-label=\"Read more about Menu\">Read more<\/a><\/p>\n","protected":false},"author":1,"featured_media":0,"parent":0,"menu_order":0,"comment_status":"closed","ping_status":"closed","template":"","meta":{"footnotes":""},"class_list":["post-61","page","type-page","status-publish"],"_links":{"self":[{"href":"https:\/\/hosteac.com\/index.php\/wp-json\/wp\/v2\/pages\/61","targetHints":{"allow":["GET"]}}],"collection":[{"href":"https:\/\/hosteac.com\/index.php\/wp-json\/wp\/v2\/pages"}],"about":[{"href":"https:\/\/hosteac.com\/index.php\/wp-json\/wp\/v2\/types\/page"}],"author":[{"embeddable":true,"href":"https:\/\/hosteac.com\/index.php\/wp-json\/wp\/v2\/users\/1"}],"replies":[{"embeddable":true,"href":"https:\/\/hosteac.com\/index.php\/wp-json\/wp\/v2\/comments?post=61"}],"version-history":[{"count":1,"href":"https:\/\/hosteac.com\/index.php\/wp-json\/wp\/v2\/pages\/61\/revisions"}],"predecessor-version":[{"id":1746,"href":"https:\/\/hosteac.com\/index.php\/wp-json\/wp\/v2\/pages\/61\/revisions\/1746"}],"wp:attachment":[{"href":"https:\/\/hosteac.com\/index.php\/wp-json\/wp\/v2\/media?parent=61"}],"curies":[{"name":"wp","href":"https:\/\/api.w.org\/{rel}","templated":true}]}}