{"id":1742,"date":"2021-05-30T14:08:16","date_gmt":"2021-05-30T13:08:16","guid":{"rendered":"https:\/\/flavor.wordifysites.com\/?page_id=2"},"modified":"2025-09-08T08:05:16","modified_gmt":"2025-09-08T08:05:16","slug":"home","status":"publish","type":"page","link":"https:\/\/hosteac.com\/","title":{"rendered":"Home"},"content":{"rendered":"\n<section class=\"gb-element-5de029e0\">\n<div class=\"gb-element-82806413\">\n<div class=\"gb-element-86a10488\">\n<p class=\"gb-text gb-text-76ba448d\">Flavor<\/p>\n\n\n\n<h1 class=\"gb-text gb-text-14024f8f\">The ultimate food experience<\/h1>\n\n\n\n<p class=\"gb-text gb-text-de3d6ae3\">Vivamus auctor, ipsum vitae tincidunt tristique, diam quam tempus nunc, sed malesuada dolor sem quis nulla.<\/p>\n\n\n\n<div class=\"gb-element-40cd42c4\">\n<a class=\"gb-text gb-text-25689947\" href=\"#\">Reservation<\/a>\n\n\n\n<a class=\"gb-text-26c94056\" href=\"#\"><span class=\"gb-text\">Our menu<\/span><span class=\"gb-shape\"><svg viewBox=\"0 0 256 256\" height=\"32\" width=\"32\" xmlns=\"http:\/\/www.w3.org\/2000\/svg\"><path fill=\"CurrentColor\" d=\"m237.66 122.34-96-96A8 8 0 0 0 128 32v40H72a8 8 0 0 0-8 8v96a8 8 0 0 0 8 8h56v40a8 8 0 0 0 13.66 5.66l96-96a8 8 0 0 0 0-11.32ZM144 204.69V176a8 8 0 0 0-8-8H80V88h56a8 8 0 0 0 8-8V51.31L220.69 128ZM48 80v96a8 8 0 0 1-16 0V80a8 8 0 0 1 16 0Z\"><\/path><\/svg><\/span><\/a>\n<\/div>\n<\/div>\n\n\n\n<div class=\"gb-element-2fe31e57\">\n<img loading=\"lazy\" decoding=\"async\" width=\"640\" height=\"427\" class=\"gb-media-cd1c8a0d\" src=\"https:\/\/hosteac.com\/wp-content\/uploads\/2023\/05\/kelsey-chance-ZrhtQyGFG6s-unsplash.jpg\" title=\"kelsey-chance-ZrhtQyGFG6s-unsplash\" srcset=\"https:\/\/hosteac.com\/wp-content\/uploads\/2023\/05\/kelsey-chance-ZrhtQyGFG6s-unsplash.jpg 640w, https:\/\/hosteac.com\/wp-content\/uploads\/2023\/05\/kelsey-chance-ZrhtQyGFG6s-unsplash-300x200.jpg 300w, https:\/\/hosteac.com\/wp-content\/uploads\/2023\/05\/kelsey-chance-ZrhtQyGFG6s-unsplash-600x400.jpg 600w\" sizes=\"auto, (max-width: 640px) 100vw, 640px\" \/>\n<\/div>\n<\/div>\n<\/section>\n\n\n\n<section class=\"gb-element-8c540ed6\">\n<div class=\"gb-element-0819dc2d\">\n<div class=\"gb-element-71fd4563\">\n<div>\n<img decoding=\"async\" class=\"gb-media-1a089c01\" src=\"https:\/\/hosteac.com\/wp-content\/uploads\/2023\/05\/deliveroo_logo.svg\" title=\"deliveroo_logo\"\/>\n<\/div>\n\n\n\n<div>\n<img decoding=\"async\" class=\"gb-media-b0d38b80\" src=\"https:\/\/hosteac.com\/wp-content\/uploads\/2023\/05\/uber-eats_logo.svg\" title=\"uber-eats_logo\"\/>\n<\/div>\n\n\n\n<div>\n<img decoding=\"async\" class=\"gb-media-1fa97844\" src=\"https:\/\/hosteac.com\/wp-content\/uploads\/2023\/05\/postmates_logo.svg\" title=\"postmates_logo\"\/>\n<\/div>\n\n\n\n<div>\n<img decoding=\"async\" class=\"gb-media-fd130679\" src=\"https:\/\/hosteac.com\/wp-content\/uploads\/2023\/05\/DoorDash_logo.svg\" title=\"DoorDash_logo\"\/>\n<\/div>\n<\/div>\n<\/div>\n<\/section>\n\n\n\n<section class=\"gb-element-bd5c6bcc\">\n<div class=\"gb-element-f3a3e13d\">\n<img loading=\"lazy\" decoding=\"async\" width=\"1024\" height=\"683\" class=\"gb-media-5f396e58\" src=\"https:\/\/sites.generatepress.com\/flavor\/wp-content\/uploads\/sites\/130\/2023\/02\/jay-wennington-N_Y88TWmGwA-unsplash-1024x683.jpg\" title=\"jay-wennington-N_Y88TWmGwA-unsplash\" srcset=\"https:\/\/hosteac.com\/wp-content\/uploads\/2023\/02\/jay-wennington-N_Y88TWmGwA-unsplash-1024x683.jpg 1024w, https:\/\/hosteac.com\/wp-content\/uploads\/2023\/02\/jay-wennington-N_Y88TWmGwA-unsplash-300x200.jpg 300w, https:\/\/hosteac.com\/wp-content\/uploads\/2023\/02\/jay-wennington-N_Y88TWmGwA-unsplash-768x512.jpg 768w, https:\/\/hosteac.com\/wp-content\/uploads\/2023\/02\/jay-wennington-N_Y88TWmGwA-unsplash-1536x1024.jpg 1536w, https:\/\/hosteac.com\/wp-content\/uploads\/2023\/02\/jay-wennington-N_Y88TWmGwA-unsplash-600x400.jpg 600w, https:\/\/hosteac.com\/wp-content\/uploads\/2023\/02\/jay-wennington-N_Y88TWmGwA-unsplash.jpg 1920w\" sizes=\"auto, (max-width: 1024px) 100vw, 1024px\" \/>\n<\/div>\n\n\n\n<div class=\"gb-element-896f9f16\">\n<p class=\"gb-text gb-text-4d84b32f\">About us<\/p>\n\n\n\n<h2 class=\"gb-text gb-text-3fc84dec\">What we offer<\/h2>\n\n\n\n<p class=\"gb-text\">Maecenas id consectetur ex. Morbi pretium odio at nisl tempor vestibulum. Ut imperdiet tellus ac purus scelerisque hendrerit. Donec interdum nisi sed ipsum tristique, ut ultrices ante sodales.<\/p>\n\n\n\n<div class=\"gb-element-def24fe3\">\n<div>\n<p class=\"gb-text gb-text-b3a1bf3d\">12<\/p>\n\n\n\n<p class=\"gb-text gb-text-2989ec44\">Shops<\/p>\n<\/div>\n\n\n\n<div>\n<p class=\"gb-text gb-text-8348c851\">210<\/p>\n\n\n\n<p class=\"gb-text gb-text-a14983a2\">Cooks<\/p>\n<\/div>\n\n\n\n<div>\n<p class=\"gb-text gb-text-4e28e9c4\">320<\/p>\n\n\n\n<p class=\"gb-text gb-text-c5ad1680\">Dishes<\/p>\n<\/div>\n<\/div>\n<\/div>\n<\/section>\n\n\n\n<section class=\"gb-element-a56e9dce\">\n<div class=\"gb-element-d1ec2c8c\">\n<h2 class=\"gb-text gb-text-c37757b4\">Range of choice<\/h2>\n\n\n\n<h3 class=\"gb-text gb-text-d86ab1f0\">Our cuisine<\/h3>\n\n\n\n<div class=\"gb-element-cecfc9bd\">\n<div class=\"gb-element-78e0a754\">\n<img decoding=\"async\" class=\"gb-media-c7a45eda\" src=\"https:\/\/hosteac.com\/wp-content\/uploads\/2023\/05\/western-cousine_icon.svg\" title=\"western-cousine_icon\"\/>\n\n\n\n<h4 class=\"gb-text gb-text-867751c0\">Western<\/h4>\n\n\n\n<p class=\"gb-text gb-text-67240547\">Sed mattis suscipit justo non interdum. Interdum et malesuada fames ac ante ipsum primis in faucibus.<\/p>\n<\/div>\n\n\n\n<div class=\"gb-element-ce15d5fb\">\n<img decoding=\"async\" class=\"gb-media-39cebf2e\" src=\"https:\/\/hosteac.com\/wp-content\/uploads\/2023\/05\/greek-cousine_icon.svg\" title=\"greek-cousine_icon\"\/>\n\n\n\n<h4 class=\"gb-text gb-text-60ae031b\">Greek<\/h4>\n\n\n\n<p class=\"gb-text gb-text-0ede5068\">Sed mattis suscipit justo non interdum. Interdum et malesuada fames ac ante ipsum primis in faucibus.<\/p>\n<\/div>\n\n\n\n<div class=\"gb-element-5e0a95ea\">\n<img decoding=\"async\" class=\"gb-media-ceaf849c\" src=\"https:\/\/hosteac.com\/wp-content\/uploads\/2023\/05\/japanese-cousine_icon.svg\" title=\"japanese-cousine_icon\"\/>\n\n\n\n<h4 class=\"gb-text gb-text-157a6875\">Japanese<\/h4>\n\n\n\n<p class=\"gb-text gb-text-290d2786\">Sed mattis suscipit justo non interdum. Interdum et malesuada fames ac ante ipsum primis in faucibus.<\/p>\n<\/div>\n\n\n\n<div class=\"gb-element-b3eebe3a\">\n<img decoding=\"async\" class=\"gb-media-e89be4f8\" src=\"https:\/\/hosteac.com\/wp-content\/uploads\/2023\/05\/mexican-cousine_icon.svg\" title=\"mexican-cousine_icon\"\/>\n\n\n\n<h4 class=\"gb-text gb-text-30500fac\">Mexican<\/h4>\n\n\n\n<p class=\"gb-text gb-text-ddf76648\">Sed mattis suscipit justo non interdum. Interdum et malesuada fames ac ante ipsum primis in faucibus.<\/p>\n<\/div>\n<\/div>\n<\/div>\n<\/section>\n\n\n\n<section class=\"gb-element-4c996e98\">\n<div class=\"gb-element-13780477\">\n<p class=\"gb-text gb-text-02c9bc9f\">Online orders<\/p>\n\n\n\n<h2 class=\"gb-text gb-text-201e5a23\">Download our mobile app<\/h2>\n\n\n\n<p class=\"gb-text gb-text-f02d86dd\">Maecenas id consectetur ex. Morbi pretium odio at nisl tempor vestibulum. Ut imperdiet tellus ac purus scelerisque hendrerit. Donec interdum nisi sed ipsum tristique, ut ultrices ante sodales.<\/p>\n\n\n<div class=\"gb-container gb-container-d1dea408\">\n\n<a class=\"gb-text-32ae4137\" href=\"#\"><span class=\"gb-shape\"><svg viewBox=\"-1.5 0 20 20\" xmlns=\"http:\/\/www.w3.org\/2000\/svg\"><path d=\"M11.57 3.193c.73-.845 1.221-2.022 1.087-3.193-1.05.04-2.322.671-3.075 1.515-.677.749-1.267 1.946-1.108 3.094 1.172.087 2.368-.57 3.097-1.416m2.628 7.432c.03 3.027 2.77 4.034 2.801 4.047-.022.07-.438 1.435-1.444 2.845-.87 1.218-1.774 2.43-3.196 2.457-1.398.025-1.848-.794-3.447-.794-1.597 0-2.097.768-3.42.819-1.373.049-2.42-1.318-3.296-2.532C.403 14.984-.967 10.45.873 7.39c.915-1.52 2.548-2.482 4.321-2.506 1.348-.025 2.621.869 3.445.869.825 0 2.372-1.075 3.998-.917.68.027 2.591.263 3.818 1.984-.1.059-2.28 1.275-2.256 3.805\" fill=\"currentColor\" fill-rule=\"evenodd\"><\/path><\/svg><\/span><span class=\"gb-text\">Apple store<\/span><\/a>\n\n\n\n<a class=\"gb-text-ad8a6be2\" href=\"#\"><span class=\"gb-shape\"><svg viewBox=\"0 0 256 256\" xmlns=\"http:\/\/www.w3.org\/2000\/svg\"><path d=\"M223.635 114.182 55.852 18.142a15.99 15.99 0 0 0-16.123.046 15.663 15.663 0 0 0-7.915 13.668v192.288a15.663 15.663 0 0 0 7.915 13.668 15.989 15.989 0 0 0 16.123.046l167.783-96.04a15.762 15.762 0 0 0 0-27.636ZM144 139.313l18.856 18.857-88.19 50.477ZM74.655 47.341l88.202 50.488L144 116.687Zm102.592 102.593L155.313 128l21.935-21.934L215.568 128Z\"><\/path><\/svg><\/span><span class=\"gb-text\">Google play<\/span><\/a>\n\n<\/div><\/div>\n\n\n\n<div class=\"gb-element-b0dd4a28\">\n<img decoding=\"async\" class=\"gb-media-e67df7c9\" src=\"https:\/\/sites.generatepress.com\/flavor\/wp-content\/uploads\/sites\/130\/2023\/05\/daniel-korpai-aUmq85-2V7I-unsplash-546x682.jpg\" title=\"daniel-korpai-aUmq85-2V7I-unsplash\"\/>\n<\/div>\n<\/section>\n\n\n\n<section class=\"gb-element-83b28007\">\n<div class=\"gb-element-bfbd8573\">\n<h2 class=\"gb-text gb-text-2467d3a9\">Testimonials<\/h2>\n\n\n\n<h3 class=\"gb-text gb-text-0f1f1f89\">Customer reviews<\/h3>\n\n\n\n<div class=\"gb-element-f3b42bbd\">\n<div class=\"gb-element-d2479d26\">\n<div class=\"gb-element-5a9e4cb2\">\n<img decoding=\"async\" class=\"gb-media-0fe6c35a\" src=\"https:\/\/hosteac.com\/wp-content\/uploads\/2023\/05\/quotation-mark.svg\" title=\"quotation-mark\"\/>\n\n\n\n<p class=\"gb-text gb-text-6891e1dc\">Fusce congue fringilla elit in fringilla. Duis vitae pretium dui. In et imperdiet leo. Nullam mi ex, maximus ut placerat nec, blandit in massa. Sed non interdum nulla. Cras aliquam metus eget justo ultricies, cursus scelerisque dui consectetur.<\/p>\n\n\n\n<p class=\"gb-text gb-text-fd1a299d\">Nick Simmons<\/p>\n\n\n\n<p class=\"gb-text gb-text-4e596949\">Web developer, New York<\/p>\n<\/div>\n<\/div>\n\n\n\n<div class=\"gb-element-a7e6ad8f\">\n<div class=\"gb-element-43044ee4\">\n<img decoding=\"async\" class=\"gb-media-974d7779\" src=\"https:\/\/hosteac.com\/wp-content\/uploads\/2023\/05\/quotation-mark.svg\" title=\"quotation-mark\"\/>\n\n\n\n<p class=\"gb-text gb-text-e59e6aa0\">Fusce congue fringilla elit in fringilla. Duis vitae pretium dui. In et imperdiet leo. Nullam mi ex, maximus ut placerat nec, blandit in massa. Sed non interdum nulla. Cras aliquam metus eget justo ultricies, cursus scelerisque dui consectetur.<\/p>\n\n\n\n<p class=\"gb-text gb-text-4aa94b2f\">Maria Livingston<\/p>\n\n\n\n<p class=\"gb-text gb-text-98370bf7\">Teacher, Boston<\/p>\n<\/div>\n<\/div>\n<\/div>\n<\/div>\n<\/section>\n\n\n\n<section class=\"gb-element-c47813fb\">\n<div class=\"gb-element-a689f196\">\n<h2 class=\"gb-text gb-text-b6e46bed\">Online orders<\/h2>\n\n\n\n<h3 class=\"gb-text gb-text-cafff294\">Our fresh dishes<\/h3>\n\n\n\n<div><div class=\"gb-looper-3094825f\">\n<article class=\"gb-loop-item gb-loop-item-133eba3f post-912 product type-product status-publish has-post-thumbnail product_cat-desserts sales-flash-overlay woocommerce-text-align-center woocommerce-image-align-center do-quantity-buttons first instock shipping-taxable purchasable product-type-simple\">\n<div class=\"gb-element-e07b69c7\">\n<a href=\"https:\/\/hosteac.com\/index.php\/product\/creme-brulee\/\"><img loading=\"lazy\" decoding=\"async\" width=\"1024\" height=\"683\" alt=\"\" data-media-id=\"910\" class=\"gb-media-3b798534\" src=\"https:\/\/hosteac.com\/wp-content\/uploads\/2023\/05\/j-luis-esquivel-PerJ_q-EuKw-unsplash-1024x683.jpg\" srcset=\"https:\/\/hosteac.com\/wp-content\/uploads\/2023\/05\/j-luis-esquivel-PerJ_q-EuKw-unsplash-1024x683.jpg 1024w, https:\/\/hosteac.com\/wp-content\/uploads\/2023\/05\/j-luis-esquivel-PerJ_q-EuKw-unsplash-300x200.jpg 300w, https:\/\/hosteac.com\/wp-content\/uploads\/2023\/05\/j-luis-esquivel-PerJ_q-EuKw-unsplash-768x512.jpg 768w, https:\/\/hosteac.com\/wp-content\/uploads\/2023\/05\/j-luis-esquivel-PerJ_q-EuKw-unsplash-1536x1024.jpg 1536w, https:\/\/hosteac.com\/wp-content\/uploads\/2023\/05\/j-luis-esquivel-PerJ_q-EuKw-unsplash-600x400.jpg 600w, https:\/\/hosteac.com\/wp-content\/uploads\/2023\/05\/j-luis-esquivel-PerJ_q-EuKw-unsplash.jpg 1920w\" sizes=\"auto, (max-width: 1024px) 100vw, 1024px\" \/><\/a>\n<\/div>\n\n\n\n<h4 class=\"gb-text\"><a href=\"https:\/\/hosteac.com\/index.php\/product\/creme-brulee\/\">Cr\u00e8me Br\u00fbl\u00e9e<\/a><\/h4>\n\n\n\n<p class=\"gb-text gb-text-ab8befd9\">Cr\u00e8me Br\u00fbl\u00e9e is an elegant and velvety dessert that epitomizes indulgence and sophistication. This classic French dessert consists of a<\/p>\n\n\n\n<a class=\"gb-text gb-text-b28f022d\" href=\"https:\/\/hosteac.com\/index.php\/product\/creme-brulee\/\">Order now<\/a>\n<\/article>\n\n<article class=\"gb-loop-item gb-loop-item-133eba3f post-905 product type-product status-publish has-post-thumbnail product_cat-desserts sales-flash-overlay woocommerce-text-align-center woocommerce-image-align-center do-quantity-buttons  instock shipping-taxable purchasable product-type-simple\">\n<div class=\"gb-element-e07b69c7\">\n<a href=\"https:\/\/hosteac.com\/index.php\/product\/apple-pie\/\"><img loading=\"lazy\" decoding=\"async\" width=\"1024\" height=\"683\" alt=\"\" data-media-id=\"907\" class=\"gb-media-3b798534\" src=\"https:\/\/hosteac.com\/wp-content\/uploads\/2023\/05\/diliara-garifullina-Lkb1g9ivC2c-unsplash-1024x683.jpg\" srcset=\"https:\/\/hosteac.com\/wp-content\/uploads\/2023\/05\/diliara-garifullina-Lkb1g9ivC2c-unsplash-1024x683.jpg 1024w, https:\/\/hosteac.com\/wp-content\/uploads\/2023\/05\/diliara-garifullina-Lkb1g9ivC2c-unsplash-300x200.jpg 300w, https:\/\/hosteac.com\/wp-content\/uploads\/2023\/05\/diliara-garifullina-Lkb1g9ivC2c-unsplash-768x512.jpg 768w, https:\/\/hosteac.com\/wp-content\/uploads\/2023\/05\/diliara-garifullina-Lkb1g9ivC2c-unsplash-1536x1024.jpg 1536w, https:\/\/hosteac.com\/wp-content\/uploads\/2023\/05\/diliara-garifullina-Lkb1g9ivC2c-unsplash-600x400.jpg 600w, https:\/\/hosteac.com\/wp-content\/uploads\/2023\/05\/diliara-garifullina-Lkb1g9ivC2c-unsplash.jpg 1920w\" sizes=\"auto, (max-width: 1024px) 100vw, 1024px\" \/><\/a>\n<\/div>\n\n\n\n<h4 class=\"gb-text\"><a href=\"https:\/\/hosteac.com\/index.php\/product\/apple-pie\/\">Apple Pie<\/a><\/h4>\n\n\n\n<p class=\"gb-text gb-text-ab8befd9\">Apple Pie is a timeless and comforting dessert that evokes a sense of nostalgia and homey warmth. With its flaky<\/p>\n\n\n\n<a class=\"gb-text gb-text-b28f022d\" href=\"https:\/\/hosteac.com\/index.php\/product\/apple-pie\/\">Order now<\/a>\n<\/article>\n\n<article class=\"gb-loop-item gb-loop-item-133eba3f post-901 product type-product status-publish has-post-thumbnail product_cat-desserts sales-flash-overlay woocommerce-text-align-center woocommerce-image-align-center do-quantity-buttons last instock shipping-taxable purchasable product-type-simple\">\n<div class=\"gb-element-e07b69c7\">\n<a href=\"https:\/\/hosteac.com\/index.php\/product\/chocolate-lava-cake\/\"><img loading=\"lazy\" decoding=\"async\" width=\"1024\" height=\"683\" alt=\"\" data-media-id=\"903\" class=\"gb-media-3b798534\" src=\"https:\/\/hosteac.com\/wp-content\/uploads\/2023\/05\/pexels-jasmine-lew-140831-1024x683.jpg\" srcset=\"https:\/\/hosteac.com\/wp-content\/uploads\/2023\/05\/pexels-jasmine-lew-140831-1024x683.jpg 1024w, https:\/\/hosteac.com\/wp-content\/uploads\/2023\/05\/pexels-jasmine-lew-140831-300x200.jpg 300w, https:\/\/hosteac.com\/wp-content\/uploads\/2023\/05\/pexels-jasmine-lew-140831-768x512.jpg 768w, https:\/\/hosteac.com\/wp-content\/uploads\/2023\/05\/pexels-jasmine-lew-140831-1536x1024.jpg 1536w, https:\/\/hosteac.com\/wp-content\/uploads\/2023\/05\/pexels-jasmine-lew-140831-600x400.jpg 600w, https:\/\/hosteac.com\/wp-content\/uploads\/2023\/05\/pexels-jasmine-lew-140831.jpg 1920w\" sizes=\"auto, (max-width: 1024px) 100vw, 1024px\" \/><\/a>\n<\/div>\n\n\n\n<h4 class=\"gb-text\"><a href=\"https:\/\/hosteac.com\/index.php\/product\/chocolate-lava-cake\/\">Chocolate Lava Cake<\/a><\/h4>\n\n\n\n<p class=\"gb-text gb-text-ab8befd9\">Chocolate Lava Cake is a decadent dessert that tantalizes the taste buds with its indulgent and irresistible qualities. This velvety<\/p>\n\n\n\n<a class=\"gb-text gb-text-b28f022d\" href=\"https:\/\/hosteac.com\/index.php\/product\/chocolate-lava-cake\/\">Order now<\/a>\n<\/article>\n<\/div><\/div>\n\n\n\n<a class=\"gb-text gb-text-b3684179\" href=\"#\">View all dishes<\/a>\n<\/div>\n<\/section>\n\n\n\n<section class=\"gb-element-6110dd7a\">\n<div class=\"gb-element-4e3c7a6c\">\n<h2 class=\"gb-headline gb-headline-14a63772 gb-headline-text\">Follow our blog<\/h2>\n\n\n\n<h3 class=\"gb-text gb-text-a775b4f8\">Recent news<\/h3>\n\n\n\n<div><div class=\"gb-looper-7ac96384\">\n<article class=\"gb-loop-item gb-loop-item-d6372de6 post-1 post type-post status-publish format-standard hentry category-uncategorized generate-columns tablet-grid-50 mobile-grid-100 grid-parent grid-33\">\n<div class=\"gb-element-2792f314\"><\/div>\n\n\n\n<h4 class=\"gb-text\"><a href=\"https:\/\/hosteac.com\/index.php\/2025\/05\/16\/hello-world\/\">Hello world!<\/a><\/h4>\n\n\n\n<p class=\"gb-text gb-text-9241937b\">Welcome to WordPress. This is your first post. Edit or delete it, then start writing!<\/p>\n\n\n\n<a class=\"gb-text gb-text-17634504\" href=\"https:\/\/hosteac.com\/index.php\/2025\/05\/16\/hello-world\/\">Read more<\/a>\n<\/article>\n\n<article class=\"gb-loop-item gb-loop-item-d6372de6 post-263 post type-post status-publish format-standard has-post-thumbnail hentry category-kitchen-tips-and-techniques generate-columns tablet-grid-50 mobile-grid-100 grid-parent grid-33\">\n<div class=\"gb-element-2792f314\">\n<a href=\"https:\/\/hosteac.com\/index.php\/2023\/02\/14\/safety-first-essential-kitchen-safety-tips-for-every-cook\/\"><img loading=\"lazy\" decoding=\"async\" width=\"1024\" height=\"685\" alt=\"\" data-media-id=\"766\" class=\"gb-media-0a4d306a\" src=\"https:\/\/hosteac.com\/wp-content\/uploads\/2023\/05\/brooke-lark-wMzx2nBdeng-unsplash-1024x685.jpg\" srcset=\"https:\/\/hosteac.com\/wp-content\/uploads\/2023\/05\/brooke-lark-wMzx2nBdeng-unsplash-1024x685.jpg 1024w, https:\/\/hosteac.com\/wp-content\/uploads\/2023\/05\/brooke-lark-wMzx2nBdeng-unsplash-300x201.jpg 300w, https:\/\/hosteac.com\/wp-content\/uploads\/2023\/05\/brooke-lark-wMzx2nBdeng-unsplash-768x514.jpg 768w, https:\/\/hosteac.com\/wp-content\/uploads\/2023\/05\/brooke-lark-wMzx2nBdeng-unsplash-1536x1028.jpg 1536w, https:\/\/hosteac.com\/wp-content\/uploads\/2023\/05\/brooke-lark-wMzx2nBdeng-unsplash-600x402.jpg 600w, https:\/\/hosteac.com\/wp-content\/uploads\/2023\/05\/brooke-lark-wMzx2nBdeng-unsplash.jpg 1920w\" sizes=\"auto, (max-width: 1024px) 100vw, 1024px\" \/><\/a>\n<\/div>\n\n\n\n<h4 class=\"gb-text\"><a href=\"https:\/\/hosteac.com\/index.php\/2023\/02\/14\/safety-first-essential-kitchen-safety-tips-for-every-cook\/\">Safety First: Essential Kitchen Safety Tips for Every Cook<\/a><\/h4>\n\n\n\n<p class=\"gb-text gb-text-9241937b\">Proin sed erat a velit luctus elementum non a arcu. Fusce dolor nulla, accumsan sed tempor in, accumsan ac ipsum.<\/p>\n\n\n\n<a class=\"gb-text gb-text-17634504\" href=\"https:\/\/hosteac.com\/index.php\/2023\/02\/14\/safety-first-essential-kitchen-safety-tips-for-every-cook\/\">Read more<\/a>\n<\/article>\n\n<article class=\"gb-loop-item gb-loop-item-d6372de6 post-261 post type-post status-publish format-standard has-post-thumbnail hentry category-kitchen-tips-and-techniques generate-columns tablet-grid-50 mobile-grid-100 grid-parent grid-33\">\n<div class=\"gb-element-2792f314\">\n<a href=\"https:\/\/hosteac.com\/index.php\/2023\/02\/14\/elevate-your-cooking-game-techniques-for-improving-your-cooking-skills\/\"><img loading=\"lazy\" decoding=\"async\" width=\"1024\" height=\"683\" alt=\"\" data-media-id=\"115\" class=\"gb-media-0a4d306a\" src=\"https:\/\/hosteac.com\/wp-content\/uploads\/2023\/02\/jay-wennington-N_Y88TWmGwA-unsplash-1024x683.jpg\" srcset=\"https:\/\/hosteac.com\/wp-content\/uploads\/2023\/02\/jay-wennington-N_Y88TWmGwA-unsplash-1024x683.jpg 1024w, https:\/\/hosteac.com\/wp-content\/uploads\/2023\/02\/jay-wennington-N_Y88TWmGwA-unsplash-300x200.jpg 300w, https:\/\/hosteac.com\/wp-content\/uploads\/2023\/02\/jay-wennington-N_Y88TWmGwA-unsplash-768x512.jpg 768w, https:\/\/hosteac.com\/wp-content\/uploads\/2023\/02\/jay-wennington-N_Y88TWmGwA-unsplash-1536x1024.jpg 1536w, https:\/\/hosteac.com\/wp-content\/uploads\/2023\/02\/jay-wennington-N_Y88TWmGwA-unsplash-600x400.jpg 600w, https:\/\/hosteac.com\/wp-content\/uploads\/2023\/02\/jay-wennington-N_Y88TWmGwA-unsplash.jpg 1920w\" sizes=\"auto, (max-width: 1024px) 100vw, 1024px\" \/><\/a>\n<\/div>\n\n\n\n<h4 class=\"gb-text\"><a href=\"https:\/\/hosteac.com\/index.php\/2023\/02\/14\/elevate-your-cooking-game-techniques-for-improving-your-cooking-skills\/\">Elevate Your Cooking Game: Techniques for Improving Your Cooking Skills<\/a><\/h4>\n\n\n\n<p class=\"gb-text gb-text-9241937b\">Proin sed erat a velit luctus elementum non a arcu. Fusce dolor nulla, accumsan sed tempor in, accumsan ac ipsum.<\/p>\n\n\n\n<a class=\"gb-text gb-text-17634504\" href=\"https:\/\/hosteac.com\/index.php\/2023\/02\/14\/elevate-your-cooking-game-techniques-for-improving-your-cooking-skills\/\">Read more<\/a>\n<\/article>\n<\/div><\/div>\n<\/div>\n<\/section>\n","protected":false},"excerpt":{"rendered":"<p>Flavor The ultimate food experience Vivamus auctor, ipsum vitae tincidunt tristique, diam quam tempus nunc, sed malesuada dolor sem quis nulla. Reservation Our menu About &#8230; <a title=\"Home\" class=\"read-more\" href=\"https:\/\/hosteac.com\/\" aria-label=\"Read more about Home\">Read more<\/a><\/p>\n","protected":false},"author":1,"featured_media":0,"parent":0,"menu_order":0,"comment_status":"closed","ping_status":"open","template":"","meta":{"footnotes":""},"class_list":["post-1742","page","type-page","status-publish"],"_links":{"self":[{"href":"https:\/\/hosteac.com\/index.php\/wp-json\/wp\/v2\/pages\/1742","targetHints":{"allow":["GET"]}}],"collection":[{"href":"https:\/\/hosteac.com\/index.php\/wp-json\/wp\/v2\/pages"}],"about":[{"href":"https:\/\/hosteac.com\/index.php\/wp-json\/wp\/v2\/types\/page"}],"author":[{"embeddable":true,"href":"https:\/\/hosteac.com\/index.php\/wp-json\/wp\/v2\/users\/1"}],"replies":[{"embeddable":true,"href":"https:\/\/hosteac.com\/index.php\/wp-json\/wp\/v2\/comments?post=1742"}],"version-history":[{"count":1,"href":"https:\/\/hosteac.com\/index.php\/wp-json\/wp\/v2\/pages\/1742\/revisions"}],"predecessor-version":[{"id":1745,"href":"https:\/\/hosteac.com\/index.php\/wp-json\/wp\/v2\/pages\/1742\/revisions\/1745"}],"wp:attachment":[{"href":"https:\/\/hosteac.com\/index.php\/wp-json\/wp\/v2\/media?parent=1742"}],"curies":[{"name":"wp","href":"https:\/\/api.w.org\/{rel}","templated":true}]}}